{"id":7,"date":"2017-11-09T14:28:40","date_gmt":"2017-11-09T14:28:40","guid":{"rendered":"https:\/\/fastfreight.ro\/?page_id=7"},"modified":"2021-01-25T14:46:49","modified_gmt":"2021-01-25T12:46:49","slug":"about-us","status":"publish","type":"page","link":"https:\/\/fastfreight.ro\/es\/about-us\/","title":{"rendered":"Sobre nosotros"},"content":{"rendered":"<p>[vc_section][vc_row][vc_column width=&#8221;1\/2&#8243;][vc_single_image image=&#8221;1088&#8243; img_size=&#8221;full&#8221; add_caption=&#8221;yes&#8221; alignment=&#8221;center&#8221;][\/vc_column][vc_column width=&#8221;1\/2&#8243;][vc_column_text]<\/p>\n<div class=\"bordercontent\">\n<p class=\"contenttext1\">\u00a0 \u00a0 \u00a0Quienes somos<\/p>\n<p class=\"contenttext2\"><strong>\u00a0 Sobre nosotros<\/strong><\/p>\n<\/div>\n<p>[\/vc_column_text][vc_column_text]<\/p>\n<p style=\"text-align: left; color: #989898; font-weight: 400;\">La experiencia y calidad de los servicios que ofrecemos nos recomiendan como un socio sostenible y confiable. Por m\u00e1s de 10 a\u00f1os, ofrecemos servicios premium a precios que est\u00e1n dedicados a cada cliente. En t\u00e9rminos generales, Fast Freight es un remitente de mercanc\u00edas y de log\u00edstica de especialidad global que ofrece servicios de transporte integrados en todo el mundo. Como miembro de redes log\u00edsticas globales, Fast Freight ofrece soluciones para cualquier escenario de transporte de mercanc\u00eda, la combinaci\u00f3n correcta de tiempo y costos de tr\u00e1nsito para satisfacer las necesidades de nuestros clientes.<br \/>\nCon la sede en Constanta, Rumania, Fast Freight cuenta con un equipo dedicado de profesionales, con a\u00f1os de experiencia en el transporte de mercanc\u00edas, desarrollando soluciones de log\u00edstica integradas, asegurando la satisfacci\u00f3n de nuestros clientes y socios.<br \/>\nEn 2010 hemos ampliado nuestra red abriendo nuestra propia oficina en Espa\u00f1a, ubicada en Castell\u00f3n. Esta oficina nos permite ofrecer a nuestros clientes la misma calidad de servicio, desde las ubicaciones de carga y hasta las ubicaciones de descarga.<br \/>\nGracias a estas asociaciones estrat\u00e9gicas, nuestra compa\u00f1\u00eda tiene un alcance global que nos permite ofrecer a nuestros clientes un servicio puerta a puerta para cualquier lugar del mundo.<\/p>\n<p>[\/vc_column_text][\/vc_column][\/vc_row][vc_row disable_element=&#8221;yes&#8221;][vc_column width=&#8221;1\/2&#8243;][\/vc_column][vc_column width=&#8221;1\/2&#8243;][vc_column_text]<\/p>\n<p style=\"color: #454a51; font-size: 24px; border-left-width: 3px; border-left-style: solid; border-left-color: #01B9E6;\"><strong>\u00a0Pol\u00edtica de Privacidad<\/strong><\/p>\n<p>[\/vc_column_text][vc_column_text]<\/p>\n<p style=\"text-align: left; font-weight: 400;\">Pentru mai multe informatii cu privire la politica in domeniul calitatii, va rugam accesati urmatorul PDF<\/p>\n<p>[\/vc_column_text][vc_single_image image=&#8221;1079&#8243; img_size=&#8221;medium&#8221; onclick=&#8221;custom_link&#8221; img_link_target=&#8221;_blank&#8221; link=&#8221;https:\/\/fastfreight.ro\/wp-content\/uploads\/2017\/11\/FF-POLITICA-IN-DOMENIUL-CALITATII.pdf&#8221;][\/vc_column][\/vc_row][\/vc_section][vc_row full_width=&#8221;stretch_row_content_no_spaces&#8221; content_placement=&#8221;middle&#8221; wrap_container=&#8221;yes&#8221; css=&#8221;.vc_custom_1510925962273{background-image: url(https:\/\/fastfreight.ro\/wp-content\/uploads\/2017\/11\/BGx200.jpg?id=15) !important;}&#8221;][vc_column][vc_empty_space height=&#8221;50px&#8221;][vc_column_text]<\/p>\n<div class=\"col-md-12\">\n<div style=\"border-left-width: 3px; border-left-style: solid; border-left-color: #01B9E6;\">\n<p style=\"color: #a93a36; font-size: 16px;\"><strong>\u00a0Fast Freight<\/strong><\/p>\n<p class=\"bold\" style=\"color: white; font-size: 20px;\">\u00a0Cobertura Internacional<\/p>\n<\/div>\n<\/div>\n<div class=\"row\">\n<div class=\"col-md-5\"><img decoding=\"async\" src=\"https:\/\/fastfreight.ro\/wp-content\/uploads\/2017\/11\/Harta.png\" alt=\"\" align=\"left\" \/><\/div>\n<div class=\"col-md-7\">\n<p style=\"text-align: left; color: white; height: 20px; margin-top: 50px;\">Centrada permanentemente en las necesidades de los clientes, desde su apertura la compa\u00f1\u00eda ha concertado asociaciones estrat\u00e9gicas con redes log\u00edsticas reconocidas internacionalmente.<br \/>\nSomos miembros de las siguientes redes de log\u00edstica:<\/p>\n<\/div>\n<\/div>\n<p>[\/vc_column_text][vc_empty_space height=&#8221;10px&#8221;][\/vc_column][\/vc_row][vc_row][vc_column][vc_empty_space][vc_single_image image=&#8221;22&#8243; img_size=&#8221;large&#8221; alignment=&#8221;center&#8221;][\/vc_column][\/vc_row]<\/p>","protected":false},"excerpt":{"rendered":"<p>[vc_section][vc_row][vc_column width=&#8221;1\/2&#8243;][vc_single_image image=&#8221;1088&#8243; img_size=&#8221;full&#8221; add_caption=&#8221;yes&#8221; alignment=&#8221;center&#8221;][\/vc_column][vc_column width=&#8221;1\/2&#8243;][vc_column_text] \u00a0 \u00a0 \u00a0Quienes somos \u00a0 Sobre nosotros [\/vc_column_text][vc_column_text] La experiencia y calidad de los servicios que ofrecemos nos recomiendan como un socio sostenible y confiable. Por m\u00e1s de 10 a\u00f1os, ofrecemos servicios premium a precios que est\u00e1n dedicados a cada cliente. En t\u00e9rminos generales, Fast Freight es un remitente de mercanc\u00edas y de log\u00edstica de especialidad global que ofrece servicios de transporte integrados en todo el mundo. Como miembro de redes log\u00edsticas globales, Fast Freight ofrece soluciones para cualquier escenario de transporte de mercanc\u00eda, la combinaci\u00f3n correcta de tiempo y costos de tr\u00e1nsito para satisfacer las necesidades de nuestros clientes. Con la sede en Constanta, Rumania, Fast Freight cuenta con un equipo dedicado de profesionales, con a\u00f1os de experiencia en el transporte de mercanc\u00edas, desarrollando soluciones de log\u00edstica integradas, asegurando la satisfacci\u00f3n de nuestros clientes y socios. En 2010 hemos ampliado nuestra red abriendo nuestra propia oficina en Espa\u00f1a, ubicada en Castell\u00f3n. Esta oficina nos permite ofrecer a nuestros clientes la misma calidad de servicio, desde las ubicaciones de carga y hasta las ubicaciones de descarga. Gracias a estas asociaciones estrat\u00e9gicas, nuestra compa\u00f1\u00eda tiene un alcance global que nos permite ofrecer a nuestros [&hellip;]<\/p>\n","protected":false},"author":1,"featured_media":8,"parent":0,"menu_order":0,"comment_status":"closed","ping_status":"closed","template":"","meta":{"footnotes":""},"class_list":["post-7","page","type-page","status-publish","has-post-thumbnail","hentry"],"_links":{"self":[{"href":"https:\/\/fastfreight.ro\/es\/wp-json\/wp\/v2\/pages\/7"}],"collection":[{"href":"https:\/\/fastfreight.ro\/es\/wp-json\/wp\/v2\/pages"}],"about":[{"href":"https:\/\/fastfreight.ro\/es\/wp-json\/wp\/v2\/types\/page"}],"author":[{"embeddable":true,"href":"https:\/\/fastfreight.ro\/es\/wp-json\/wp\/v2\/users\/1"}],"replies":[{"embeddable":true,"href":"https:\/\/fastfreight.ro\/es\/wp-json\/wp\/v2\/comments?post=7"}],"version-history":[{"count":91,"href":"https:\/\/fastfreight.ro\/es\/wp-json\/wp\/v2\/pages\/7\/revisions"}],"predecessor-version":[{"id":1323,"href":"https:\/\/fastfreight.ro\/es\/wp-json\/wp\/v2\/pages\/7\/revisions\/1323"}],"wp:featuredmedia":[{"embeddable":true,"href":"https:\/\/fastfreight.ro\/es\/wp-json\/wp\/v2\/media\/8"}],"wp:attachment":[{"href":"https:\/\/fastfreight.ro\/es\/wp-json\/wp\/v2\/media?parent=7"}],"curies":[{"name":"wp","href":"https:\/\/api.w.org\/{rel}","templated":true}]}}