{"id":243,"date":"2017-11-10T16:35:20","date_gmt":"2017-11-10T16:35:20","guid":{"rendered":"https:\/\/fastfreight.ro\/?page_id=243"},"modified":"2022-01-05T15:39:01","modified_gmt":"2022-01-05T13:39:01","slug":"home","status":"publish","type":"page","link":"https:\/\/fastfreight.ro\/es\/","title":{"rendered":"Servicios"},"content":{"rendered":"<p>[vc_row][vc_column][vc_raw_html]JTNDZGl2JTIwaWQlM0QlMjJzZXJ2aWNlcyUyMiUzRQ==[\/vc_raw_html][vc_column_text]<\/p>\n<div class=\"bordercontent\">\n<p class=\"contenttext1\">\u00a0 Lo que podemos hacer<\/p>\n<p class=\"contenttext2\"><strong>\u00a0OTROS SERVICIOS<\/strong><\/p>\n<\/div>\n<p>[\/vc_column_text][\/vc_column][\/vc_row][vc_row][vc_column][saturnthemes_industry_services_grid show_excerpt=&#8221;yes&#8221; show_icon=&#8221;yes&#8221; icon_bg_color=&#8221;#d33e37&#8243;][vc_empty_space height=&#8221;25px&#8221;][\/vc_column][\/vc_row][vc_row][vc_column][vc_separator][\/vc_column][\/vc_row][vc_row][vc_column width=&#8221;1\/2&#8243;][vc_empty_space height=&#8221;90px&#8221;][vc_column_text]<\/p>\n<div class=\"bordercontent\">\n<p class=\"contenttext1\">\u00a0Quienes Somos<\/p>\n<p class=\"contenttext2\"><strong>\u00a0SOBRE NOSOTROS<\/strong><\/p>\n<\/div>\n<p>\u00a0<\/p>\n<p class=\"contenttext\">Fast Freight es un remitente de mercanc\u00edas y de log\u00edstica de especialidad global que ofrece servicios de transporte integrados en todo el mundo. Como miembro de redes log\u00edsticas globales, Fast Freight ofrece soluciones para cualquier escenario de transporte de mercanc\u00eda, la combinaci\u00f3n correcta de tiempo y costos de tr\u00e1nsito para satisfacer las necesidades de nuestros clientes.<\/p>\n<p>[\/vc_column_text][vc_single_image image=&#8221;1081&#8243; img_size=&#8221;medium&#8221; onclick=&#8221;custom_link&#8221; link=&#8221;https:\/\/fastfreight.ro\/about-us\/&#8221;][\/vc_column][vc_column width=&#8221;1\/2&#8243;][vc_single_image image=&#8221;9&#8243; img_size=&#8221;large&#8221;][\/vc_column][\/vc_row][vc_row full_width=&#8221;stretch_row_content_no_spaces&#8221; wrap_container=&#8221;yes&#8221; css=&#8221;.vc_custom_1513756715989{background-image: url(https:\/\/fastfreight.ro\/wp-content\/uploads\/2017\/11\/albastru-scris-jos.jpg?id=984) !important;}&#8221;][vc_column][vc_column_text css=&#8221;.vc_custom_1519045845864{margin-top: 35px !important;}&#8221;]<\/p>\n<div class=\"col-md-12\">\n<div class=\"bordercontent\">\n<p style=\"color: #a93a36; font-size: 16px;\"><strong> Fast Freight<\/strong><\/p>\n<p class=\"contenttext2\" style=\"color: #fff;\"><strong> COBERTURA INTERNACIONAL<\/strong><\/p>\n<\/div>\n<\/div>\n<div class=\"row\">\n<div class=\"col-md-5\"><img decoding=\"async\" src=\"https:\/\/fastfreight.ro\/wp-content\/uploads\/2017\/11\/Harta-1.png\" alt=\"\" align=\"left\" \/><\/div>\n<div class=\"col-md-7\">\n<p style=\"color: white; text-align: center;\">&#8220;Fast Freight ofrece cobertura internacional, por lo que podemos encontrar rutas y soluciones para cualquier puerto o aeropuerto comercial en el mundo. La actividad de importaci\u00f3n y exportaci\u00f3n es nuestra principal preocupaci\u00f3n para el servicio internacional de transporte de mercanc\u00eda. Los servicios ofrecidos son r\u00e1pidos y personalizados para cada cliente, dependiendo del presupuesto y el tiempo de entrega requerido.&#8221;<\/p>\n<p style=\"color: #2a4057; text-align: right;\">Iulian NEDU,<br \/>\nCEO<\/p>\n<\/div>\n<\/div>\n<p>[\/vc_column_text][\/vc_column][\/vc_row][vc_row][vc_column][vc_single_image image=&#8221;22&#8243; img_size=&#8221;full&#8221; alignment=&#8221;center&#8221;][\/vc_column][\/vc_row][vc_row full_width=&#8221;stretch_row_content_no_spaces&#8221; wrap_container=&#8221;yes&#8221; css=&#8221;.vc_custom_1513761624013{padding-top: 80px !important;background-image: url(https:\/\/fastfreight.ro\/wp-content\/uploads\/2017\/11\/BGx1-1.jpg?id=1003) !important;}&#8221;][vc_column][saturnthemes_industry_post_grid max_items=&#8221;-1&#8243; items_per_row=&#8221;3&#8243; autoplay=&#8221;&#8221; show_dots=&#8221;&#8221; title_color=&#8221;#ffffff&#8221;][\/vc_column][\/vc_row][vc_row full_width=&#8221;stretch_row_content_no_spaces&#8221; css=&#8221;.vc_custom_1513760907436{background-image: url(https:\/\/fastfreight.ro\/wp-content\/uploads\/2017\/11\/BGx1.jpg?id=18) !important;background-position: center !important;background-repeat: no-repeat !important;background-size: cover !important;}&#8221;][vc_column][vc_column_text]<\/p>\n<p style=\"text-align: center; color: #00b0e5; font-size: 22px; font-weight: 400;\">COBERTURA MUNDIAL QUE UNE A RUMANIA CON MAS DE 500 AEROPUERTOS Y PUERTOS EN TODO EL MUNDO.<\/p>\n<p style=\"text-align: center; color: white; font-size: 16px; font-weight: 400;\">&#8220;Nuestra misi\u00f3n es convertirnos en el proveedor de transporte integrado al nivel mundial y servicios log\u00edsticos, brindando las mejores soluciones para que el negocio de nuestros clientes sea eficiente y rentable.&#8221;<\/p>\n<p>[\/vc_column_text][\/vc_column][\/vc_row][vc_row full_width=&#8221;stretch_row_content_no_spaces&#8221; gap=&#8221;30&#8243; equal_height=&#8221;yes&#8221; content_placement=&#8221;middle&#8221; wrap_container=&#8221;yes&#8221; css=&#8221;.vc_custom_1513761633833{padding-top: 50px !important;padding-bottom: 20px !important;background-image: url(https:\/\/fastfreight.ro\/wp-content\/uploads\/2017\/11\/BGcontact.jpg?id=1004) !important;background-position: center !important;background-repeat: no-repeat !important;background-size: cover !important;}&#8221; el_class=&#8221;equalheight&#8221;][vc_column width=&#8221;1\/3&#8243;][vc_btn title=&#8221;Ion Lahovari street no. 2 Constanta, Romania&#8221; style=&#8221;custom&#8221; custom_background=&#8221;rgba(58,56,55,0.76)&#8221; custom_text=&#8221;#ffffff&#8221; shape=&#8221;square&#8221; size=&#8221;lg&#8221; align=&#8221;center&#8221; i_icon_fontawesome=&#8221;fa fa-map-o&#8221; add_icon=&#8221;true&#8221; link=&#8221;url:https%3A%2F%2Ffastfreight.ro%2Fcontact-us%2F|||&#8221; el_class=&#8221;fontextralarge&#8221;][\/vc_column][vc_column width=&#8221;1\/3&#8243;][vc_btn title=&#8221;ffsales@fastfreight.ro&#8221; style=&#8221;custom&#8221; custom_background=&#8221;rgba(58,56,55,0.76)&#8221; custom_text=&#8221;#ffffff&#8221; shape=&#8221;square&#8221; size=&#8221;lg&#8221; align=&#8221;center&#8221; i_icon_fontawesome=&#8221;fa fa-envelope-o&#8221; add_icon=&#8221;true&#8221; link=&#8221;url:https%3A%2F%2Ffastfreight.ro%2Fcontact-us%2F|||&#8221; el_class=&#8221;fontextralarge&#8221;][\/vc_column][vc_column width=&#8221;1\/3&#8243;][vc_btn title=&#8221;+40 241 516 100&#8243; style=&#8221;custom&#8221; custom_background=&#8221;rgba(58,56,55,0.76)&#8221; custom_text=&#8221;#ffffff&#8221; shape=&#8221;square&#8221; size=&#8221;lg&#8221; align=&#8221;center&#8221; i_icon_fontawesome=&#8221;fa fa-phone&#8221; add_icon=&#8221;true&#8221; link=&#8221;url:https%3A%2F%2Ffastfreight.ro%2Fcontact-us%2F|||&#8221; el_class=&#8221;fontextralarge&#8221;][\/vc_column][\/vc_row]<\/p>","protected":false},"excerpt":{"rendered":"<p>[vc_row][vc_column][vc_raw_html]JTNDZGl2JTIwaWQlM0QlMjJzZXJ2aWNlcyUyMiUzRQ==[\/vc_raw_html][vc_column_text] \u00a0 Lo que podemos hacer \u00a0OTROS SERVICIOS [\/vc_column_text][\/vc_column][\/vc_row][vc_row][vc_column][saturnthemes_industry_services_grid show_excerpt=&#8221;yes&#8221; show_icon=&#8221;yes&#8221; icon_bg_color=&#8221;#d33e37&#8243;][vc_empty_space height=&#8221;25px&#8221;][\/vc_column][\/vc_row][vc_row][vc_column][vc_separator][\/vc_column][\/vc_row][vc_row][vc_column width=&#8221;1\/2&#8243;][vc_empty_space height=&#8221;90px&#8221;][vc_column_text] \u00a0Quienes Somos \u00a0SOBRE NOSOTROS \u00a0 Fast Freight es un remitente de mercanc\u00edas y de log\u00edstica de especialidad global que ofrece servicios de transporte integrados en todo el mundo. Como miembro de redes log\u00edsticas globales, Fast Freight ofrece soluciones para cualquier escenario de transporte de mercanc\u00eda, la combinaci\u00f3n correcta de tiempo y costos de tr\u00e1nsito para satisfacer las necesidades de nuestros clientes. [\/vc_column_text][vc_single_image image=&#8221;1081&#8243; img_size=&#8221;medium&#8221; onclick=&#8221;custom_link&#8221; link=&#8221;https:\/\/fastfreight.ro\/about-us\/&#8221;][\/vc_column][vc_column width=&#8221;1\/2&#8243;][vc_single_image image=&#8221;9&#8243; img_size=&#8221;large&#8221;][\/vc_column][\/vc_row][vc_row full_width=&#8221;stretch_row_content_no_spaces&#8221; wrap_container=&#8221;yes&#8221; css=&#8221;.vc_custom_1513756715989{background-image: url(https:\/\/fastfreight.ro\/wp-content\/uploads\/2017\/11\/albastru-scris-jos.jpg?id=984) !important;}&#8221;][vc_column][vc_column_text css=&#8221;.vc_custom_1519045845864{margin-top: 35px !important;}&#8221;] Fast Freight COBERTURA INTERNACIONAL &#8220;Fast Freight ofrece cobertura internacional, por lo que podemos encontrar rutas y soluciones para cualquier puerto o aeropuerto comercial en el mundo. La actividad de importaci\u00f3n y exportaci\u00f3n es nuestra principal preocupaci\u00f3n para el servicio internacional de transporte de mercanc\u00eda. Los servicios ofrecidos son r\u00e1pidos y personalizados para cada cliente, dependiendo del presupuesto y el tiempo de entrega requerido.&#8221; Iulian NEDU, CEO [\/vc_column_text][\/vc_column][\/vc_row][vc_row][vc_column][vc_single_image image=&#8221;22&#8243; img_size=&#8221;full&#8221; alignment=&#8221;center&#8221;][\/vc_column][\/vc_row][vc_row full_width=&#8221;stretch_row_content_no_spaces&#8221; wrap_container=&#8221;yes&#8221; css=&#8221;.vc_custom_1513761624013{padding-top: 80px !important;background-image: url(https:\/\/fastfreight.ro\/wp-content\/uploads\/2017\/11\/BGx1-1.jpg?id=1003) !important;}&#8221;][vc_column][saturnthemes_industry_post_grid max_items=&#8221;-1&#8243; items_per_row=&#8221;3&#8243; autoplay=&#8221;&#8221; show_dots=&#8221;&#8221; title_color=&#8221;#ffffff&#8221;][\/vc_column][\/vc_row][vc_row full_width=&#8221;stretch_row_content_no_spaces&#8221; css=&#8221;.vc_custom_1513760907436{background-image: url(https:\/\/fastfreight.ro\/wp-content\/uploads\/2017\/11\/BGx1.jpg?id=18) !important;background-position: center !important;background-repeat: no-repeat !important;background-size: cover !important;}&#8221;][vc_column][vc_column_text] COBERTURA MUNDIAL QUE UNE A RUMANIA CON MAS DE 500 AEROPUERTOS Y PUERTOS EN TODO EL [&hellip;]<\/p>\n","protected":false},"author":1,"featured_media":0,"parent":0,"menu_order":0,"comment_status":"closed","ping_status":"closed","template":"","meta":{"footnotes":""},"class_list":["post-243","page","type-page","status-publish","hentry"],"_links":{"self":[{"href":"https:\/\/fastfreight.ro\/es\/wp-json\/wp\/v2\/pages\/243"}],"collection":[{"href":"https:\/\/fastfreight.ro\/es\/wp-json\/wp\/v2\/pages"}],"about":[{"href":"https:\/\/fastfreight.ro\/es\/wp-json\/wp\/v2\/types\/page"}],"author":[{"embeddable":true,"href":"https:\/\/fastfreight.ro\/es\/wp-json\/wp\/v2\/users\/1"}],"replies":[{"embeddable":true,"href":"https:\/\/fastfreight.ro\/es\/wp-json\/wp\/v2\/comments?post=243"}],"version-history":[{"count":181,"href":"https:\/\/fastfreight.ro\/es\/wp-json\/wp\/v2\/pages\/243\/revisions"}],"predecessor-version":[{"id":1350,"href":"https:\/\/fastfreight.ro\/es\/wp-json\/wp\/v2\/pages\/243\/revisions\/1350"}],"wp:attachment":[{"href":"https:\/\/fastfreight.ro\/es\/wp-json\/wp\/v2\/media?parent=243"}],"curies":[{"name":"wp","href":"https:\/\/api.w.org\/{rel}","templated":true}]}}