{"id":1473,"date":"2025-01-31T09:26:02","date_gmt":"2025-01-31T07:26:02","guid":{"rendered":"https:\/\/fastfreight.ro\/?page_id=1473"},"modified":"2025-05-09T14:46:46","modified_gmt":"2025-05-09T12:46:46","slug":"realizarea-de-investitii-de-incarcare-descarcare-si-depozitare-a-marfurilor-in-suprastructura-portului-constanta","status":"publish","type":"page","link":"https:\/\/fastfreight.ro\/es\/realizarea-de-investitii-de-incarcare-descarcare-si-depozitare-a-marfurilor-in-suprastructura-portului-constanta\/","title":{"rendered":"(Romana) Proiect \u201eREALIZAREA DE INVESTI\u021aII DE \u00ceNC\u0102RCARE, DESC\u0102RCARE \u0218I DEPOZITARE A M\u0102RFURILOR \u00ceN SUPRASTRUCTURA PORTULUI CONSTAN\u021aA\u201c SMIS: 328079"},"content":{"rendered":"<p class=\"qtranxs-available-languages-message qtranxs-available-languages-message-es\">Disculpa, pero esta entrada est\u00e1 disponible s\u00f3lo en <a href=\"https:\/\/fastfreight.ro\/ro\/wp-json\/wp\/v2\/pages\/1473\" class=\"qtranxs-available-language-link qtranxs-available-language-link-ro\" title=\"Romana\">Romana<\/a> y <a href=\"https:\/\/fastfreight.ro\/en\/wp-json\/wp\/v2\/pages\/1473\" class=\"qtranxs-available-language-link qtranxs-available-language-link-en\" title=\"English\">English<\/a>.<\/p>","protected":false},"excerpt":{"rendered":"<p>Disculpa, pero esta entrada est\u00e1 disponible s\u00f3lo en Romana y English.<\/p>\n","protected":false},"author":4,"featured_media":0,"parent":0,"menu_order":0,"comment_status":"closed","ping_status":"closed","template":"","meta":{"footnotes":""},"class_list":["post-1473","page","type-page","status-publish","hentry"],"_links":{"self":[{"href":"https:\/\/fastfreight.ro\/es\/wp-json\/wp\/v2\/pages\/1473"}],"collection":[{"href":"https:\/\/fastfreight.ro\/es\/wp-json\/wp\/v2\/pages"}],"about":[{"href":"https:\/\/fastfreight.ro\/es\/wp-json\/wp\/v2\/types\/page"}],"author":[{"embeddable":true,"href":"https:\/\/fastfreight.ro\/es\/wp-json\/wp\/v2\/users\/4"}],"replies":[{"embeddable":true,"href":"https:\/\/fastfreight.ro\/es\/wp-json\/wp\/v2\/comments?post=1473"}],"version-history":[{"count":8,"href":"https:\/\/fastfreight.ro\/es\/wp-json\/wp\/v2\/pages\/1473\/revisions"}],"predecessor-version":[{"id":1495,"href":"https:\/\/fastfreight.ro\/es\/wp-json\/wp\/v2\/pages\/1473\/revisions\/1495"}],"wp:attachment":[{"href":"https:\/\/fastfreight.ro\/es\/wp-json\/wp\/v2\/media?parent=1473"}],"curies":[{"name":"wp","href":"https:\/\/api.w.org\/{rel}","templated":true}]}}